{"id":282,"date":"2025-10-30T23:06:31","date_gmt":"2025-10-30T23:06:31","guid":{"rendered":"https:\/\/kitoki.com.br\/daldeia\/?post_type=product&#038;p=282"},"modified":"2025-12-04T20:45:27","modified_gmt":"2025-12-04T20:45:27","slug":"suite-taua-tripla-refugio-em-caraiva","status":"publish","type":"product","link":"https:\/\/kitoki.com.br\/daldeia\/product\/suite-taua-tripla-refugio-em-caraiva\/","title":{"rendered":"Suite Tau\u00e1 \u2013 Tripla: Ref\u00fagio e Sossego em Cara\u00edva"},"content":{"rendered":"<h3><span dir=\"auto\" style=\"vertical-align: inherit;\"><span dir=\"auto\" style=\"vertical-align: inherit;\">\ud83c\udf34 Suite Tau\u00e1 \u2013 Tripla: Ref\u00fagio em Cara\u00edva \ud83c\udf0a<\/span><\/span><\/h3>\n<p>Descubra o <b>charme r\u00fastico<\/b> e acolhedor da <b>Su\u00edte Tau\u00e1 Tripla<\/b> na <b>Pousada Kitoki D&#8217;Aldeia<\/b>, o seu ref\u00fagio perfeito em <b>Cara\u00edva, Bahia<\/b>. Esta acomoda\u00e7\u00e3o foi pensada para garantir o m\u00e1ximo de conforto para <b>3 pessoas<\/b>, sendo ideal para <b>fam\u00edlias pequenas, casais com um filho ou grupos de 3 amigos<\/b> que buscam uma experi\u00eancia aut\u00eantica.<\/p>\n<p>Ao fazer sua <b>reserva em Cara\u00edva<\/b>, voc\u00ea garante uma estadia em um ambiente sereno e decorado com o toque nativo da vila. A <b>Suite Tau\u00e1 Tripla<\/b> oferece camas confort\u00e1veis e um banheiro privativo, garantindo o descanso merecido ap\u00f3s um dia de praia ou de passeio pelo Rio Cara\u00edva.<\/p>\n<p>A localiza\u00e7\u00e3o da <b>Pousada Kitoki D&#8217;Aldeia<\/b> \u00e9 privilegiada: um cantinho tranquilo, mas a poucos minutos de caminhada do centrinho e das belezas naturais da regi\u00e3o. Viva as suas <b>f\u00e9rias em Cara\u00edva<\/b> intensamente, desfrutando da hospitalidade inigual\u00e1vel e do conforto desta su\u00edte. N\u00e3o perca a chance de ter uma <b>hospedagem tripla em Cara\u00edva<\/b> que une simplicidade e aconchego. A <b>Su\u00edte Tau\u00e1 Tripla Cara\u00edva<\/b> espera por voc\u00ea!<\/p>\n<p><b>Capacidade:<\/b> 3 Pessoas.<\/p>\n","protected":false},"excerpt":{"rendered":"<ul class=\"lista-itens-compacta\">\n<li><span class=\"emoji-item-list\">\u2744\ufe0f <\/span><span class=\"item-texto\">Ar Condicionado <\/span><span class=\"emoji-check-list\">\u2705<\/span><\/li>\n<li><span class=\"emoji-item-list\">\ud83e\uddca <\/span><span class=\"item-texto\">Frigobar <\/span><span class=\"emoji-check-list\">\u2705<\/span><\/li>\n<li><span class=\"emoji-item-list\">\ud83d\udca8 <\/span><span class=\"item-texto\">Ventilador de parede <\/span><span class=\"emoji-check-list\">\u2705<\/span><\/li>\n<li><span class=\"emoji-item-list\">\ud83d\udebf <\/span><span class=\"item-texto\">Chuveiro El\u00e9trico <\/span><span class=\"emoji-check-list\">\u2705<\/span><\/li>\n<li><span class=\"emoji-item-list\">\ud83c\udf34 <\/span><span class=\"item-texto\">Varanda individual com rede <\/span><span class=\"emoji-check-list\">\u2705<\/span><\/li>\n<\/ul>\n","protected":false},"featured_media":66,"comment_status":"open","ping_status":"closed","template":"","meta":[],"product_brand":[],"product_cat":[20,21],"product_tag":[27,24,30,25,23,28,29,26,22],"class_list":{"0":"post-282","1":"product","2":"type-product","3":"status-publish","4":"has-post-thumbnail","6":"product_cat-hospedagem-acomodacao","7":"product_cat-suite-tripla","8":"product_tag-acomodacao-3-pessoas-caraiva","9":"product_tag-caraiva-bahia","10":"product_tag-ferias-caraiva","11":"product_tag-hospedagem-tripla-caraiva","12":"product_tag-pousada-kitoki-daldeia","13":"product_tag-pousada-perto-do-rio-caraiva","14":"product_tag-reserva-caraiva","15":"product_tag-suite-rustica-caraiva","16":"product_tag-suite-taua-caraiva","18":"first","19":"instock","20":"virtual","21":"purchasable","22":"product-type-simple"},"_links":{"self":[{"href":"https:\/\/kitoki.com.br\/daldeia\/wp-json\/wp\/v2\/product\/282","targetHints":{"allow":["GET"]}}],"collection":[{"href":"https:\/\/kitoki.com.br\/daldeia\/wp-json\/wp\/v2\/product"}],"about":[{"href":"https:\/\/kitoki.com.br\/daldeia\/wp-json\/wp\/v2\/types\/product"}],"replies":[{"embeddable":true,"href":"https:\/\/kitoki.com.br\/daldeia\/wp-json\/wp\/v2\/comments?post=282"}],"wp:featuredmedia":[{"embeddable":true,"href":"https:\/\/kitoki.com.br\/daldeia\/wp-json\/wp\/v2\/media\/66"}],"wp:attachment":[{"href":"https:\/\/kitoki.com.br\/daldeia\/wp-json\/wp\/v2\/media?parent=282"}],"wp:term":[{"taxonomy":"product_brand","embeddable":true,"href":"https:\/\/kitoki.com.br\/daldeia\/wp-json\/wp\/v2\/product_brand?post=282"},{"taxonomy":"product_cat","embeddable":true,"href":"https:\/\/kitoki.com.br\/daldeia\/wp-json\/wp\/v2\/product_cat?post=282"},{"taxonomy":"product_tag","embeddable":true,"href":"https:\/\/kitoki.com.br\/daldeia\/wp-json\/wp\/v2\/product_tag?post=282"}],"curies":[{"name":"wp","href":"https:\/\/api.w.org\/{rel}","templated":true}]}}