{"id":625,"date":"2025-11-02T04:12:28","date_gmt":"2025-11-02T04:12:28","guid":{"rendered":"https:\/\/kitoki.com.br\/daldeia\/?page_id=625"},"modified":"2025-11-02T04:26:15","modified_gmt":"2025-11-02T04:26:15","slug":"mapa-do-site","status":"publish","type":"page","link":"https:\/\/kitoki.com.br\/daldeia\/mapa-do-site\/","title":{"rendered":"Mapa do Site"},"content":{"rendered":"\t\t<div data-elementor-type=\"wp-page\" data-elementor-id=\"625\" class=\"elementor elementor-625\" data-elementor-post-type=\"page\">\n\t\t\t\t<div class=\"elementor-element elementor-element-71dd0a3 e-con-full e-flex e-con e-parent\" data-id=\"71dd0a3\" data-element_type=\"container\" data-e-type=\"container\">\n\t\t\t\t<div class=\"elementor-element elementor-element-87bfed7 elementor-widget elementor-widget-html\" data-id=\"87bfed7\" data-element_type=\"widget\" data-e-type=\"widget\" data-widget_type=\"html.default\">\n\t\t\t\t\t<!DOCTYPE html>\r\n<html lang=\"pt-BR\">\r\n<head>\r\n    <meta charset=\"UTF-8\">\r\n    <meta name=\"viewport\" content=\"width=device-width, initial-scale=1.0\">\r\n    <title>Mapa do Site | Pousada Kitoki D'Aldeia<\/title>\r\n    \r\n    <style>\r\n        \/* Estilo para simular o padr\u00e3o visual r\u00fastico *\/\r\n        body {\r\n            font-family: Arial, sans-serif;\r\n            margin: 0;\r\n            padding: 20px;\r\n            background-color: #f5f5dc; \/* Cor da areia\/palha *\/\r\n            color: #4a4a4a;\r\n        }\r\n        .container {\r\n            max-width: 800px;\r\n            margin: 0 auto;\r\n            background-color: #ffffff;\r\n            padding: 30px;\r\n            border-radius: 8px;\r\n            box-shadow: 0 4px 8px rgba(0, 0, 0, 0.1);\r\n        }\r\n        h2 {\r\n            color: #8b4513; \/* Marrom r\u00fastico *\/\r\n            text-align: center;\r\n            margin-bottom: 30px;\r\n            border-bottom: 2px solid #8b4513;\r\n            padding-bottom: 10px;\r\n        }\r\n        h3 {\r\n            color: #556b2f; \/* Verde oliva (cor de folhagem) *\/\r\n            margin-top: 20px;\r\n            padding-left: 10px;\r\n            border-left: 5px solid #d2b48c; \/* Dourado r\u00fastico *\/\r\n            margin-bottom: 15px;\r\n        }\r\n        ul {\r\n            list-style-type: none; \/* Remove bullet points padr\u00e3o *\/\r\n            padding-left: 0;\r\n            margin-bottom: 30px;\r\n        }\r\n        ul li {\r\n            margin-bottom: 8px;\r\n            padding-left: 15px;\r\n            \/* \u00cdcone r\u00fastico para lista *\/\r\n            background-image: url('data:image\/svg+xml;utf8,<svg xmlns=\"http:\/\/www.w3.org\/2000\/svg\" width=\"8\" height=\"8\"><circle cx=\"4\" cy=\"4\" r=\"4\" fill=\"%23d2b48c\"\/><\/svg>');\r\n            background-repeat: no-repeat;\r\n            background-position: 0 center;\r\n            background-size: 8px 8px;\r\n        }\r\n        ul li a {\r\n            color: #8b4513;\r\n            text-decoration: none;\r\n            font-weight: bold;\r\n            transition: color 0.3s;\r\n        }\r\n        ul li a:hover {\r\n            color: #556b2f; \/* Cor de destaque ao passar o mouse *\/\r\n            text-decoration: underline;\r\n        }\r\n        .site-map-section {\r\n            border-bottom: 1px dashed #d2b48c;\r\n            padding-bottom: 15px;\r\n        }\r\n        .site-map-section:last-child {\r\n            border-bottom: none;\r\n        }\r\n    <\/style>\r\n<\/head>\r\n<body>\r\n\r\n<div class=\"container\">\r\n\r\n    <h2>\ud83d\uddfa\ufe0f Mapa do Site | Pousada Kitoki D'Aldeia<\/h2>\r\n\r\n    <p style=\"text-align: center; margin-bottom: 30px;\">Um guia completo de todas as p\u00e1ginas do nosso site, facilitando sua navega\u00e7\u00e3o.<\/p>\r\n\r\n    <div class=\"site-map-section\">\r\n        <h3>P\u00e1ginas Principais<\/h3>\r\n        <ul>\r\n            <li><a href=\"https:\/\/kitoki.com.br\/daldeia\/\">P\u00e1gina Inicial<\/a><\/li>\r\n            <li><a href=\"https:\/\/kitoki.com.br\/daldeia\/a-pousada-kitoki-daldeia\/\">A Pousada Kitoki D'Aldeia<\/a><\/li>\r\n            <li><a href=\"https:\/\/kitoki.com.br\/daldeia\/suites-e-reservas-pousada-kitoki-daldeia\/\">Su\u00edtes e Reservas<\/a><\/li>\r\n            <li><a href=\"https:\/\/kitoki.com.br\/daldeia\/o-que-fazer-em-caraiva\/\">O Que Fazer em Cara\u00edva<\/a><\/li>\r\n            <li><a href=\"https:\/\/kitoki.com.br\/daldeia\/localizacao-da-pousada-kitoki-daldeia\/\">Localiza\u00e7\u00e3o e Como Chegar<\/a><\/li>\r\n            <li><a href=\"https:\/\/wa.me\/5573999852028\">Contato (WhatsApp)<\/a><\/li>\r\n        <\/ul>\r\n    <\/div>\r\n\r\n    <div class=\"site-map-section\">\r\n        <h3>Informa\u00e7\u00f5es e Suporte<\/h3>\r\n        <ul>\r\n            <li><a href=\"https:\/\/kitoki.com.br\/daldeia\/perguntas-frequentes\/\">Perguntas Frequentes (FAQ)<\/a><\/li>\r\n            <li><a href=\"https:\/\/kitoki.com.br\/daldeia\/politica-de-privacidade\/\">Pol\u00edtica de Privacidade<\/a><\/li>\r\n            <li><a href=\"https:\/\/kitoki.com.br\/daldeia\/politica-de-cookies\/\">Pol\u00edtica de Cookies<\/a><\/li>\r\n            <li><a href=\"https:\/\/kitoki.com.br\/daldeia\/termos-e-condicoes\/\">Termos e Condi\u00e7\u00f5es de Uso e Hospedagem<\/a><\/li>\r\n        <\/ul>\r\n    <\/div>\r\n\r\n    <div class=\"site-map-section\">\r\n        <h3>Nossas Su\u00edtes<\/h3>\r\n        <ul>\r\n            <li><a href=\"https:\/\/kitoki.com.br\/daldeia\/product\/suite-acai-dupla-conforto-e-rustico-para-casais-em-caraiva\/\">Suite A\u00e7a\u00ed \u2013 Dupla<\/a><\/li>\r\n            <li><a href=\"https:\/\/kitoki.com.br\/daldeia\/product\/suite-amarelo-caju-dupla-energia-e-sol-para-casais-em-caraiva\/\"> Suite Amarelo Caju \u2013 Dupla<\/a><\/li>\r\n            <li><a href=\"https:\/\/kitoki.com.br\/daldeia\/product\/suite-laranja-dupla-calor-aconchego-e-brisa-de-caraiva\/\">Suite Laranja \u2013 Dupla<\/a><\/li>\r\n            <li><a href=\"https:\/\/kitoki.com.br\/daldeia\/product\/suite-rubi-dupla-paixao-charme-e-exclusividade-em-caraiva\/\">Suite Rubi \u2013 Dupla<\/a><\/li>\r\n            <li><a href=\"https:\/\/kitoki.com.br\/daldeia\/product\/suite-taua-tripla-refugio-em-caraiva\/\">Suite Tau\u00e1 \u2013 Tripla<\/a><\/li>\r\n            <li><a href=\"https:\/\/kitoki.com.br\/daldeia\/product\/suite-azul-ceu-tripla-serenidade-e-aconchego-em-caraiva\/\">Suite Azul C\u00e9u - Tripla<\/a><\/li>\r\n            <li><a href=\"https:\/\/kitoki.com.br\/daldeia\/product\/suite-azul-mar-tripla-relaxamento-e-vista-em-caraiva\/\">Suite Azul Mar \u2013 Tripla<\/a><\/li>\r\n            <li><a href=\"https:\/\/kitoki.com.br\/daldeia\/suites-e-reservas-pousada-kitoki-daldeia\/\">Ver Todas e Reservar<\/a><\/li>\r\n        <\/ul>\r\n    <\/div>\r\n    \r\n    <div class=\"site-map-section\">\r\n        <h3>Conecte-se<\/h3>\r\n        <ul>\r\n            <li><a href=\"https:\/\/www.instagram.com\/kitoki.d.aldeia\/\" target=\"_blank\">Instagram<\/a><\/li>\r\n            <li><a href=\"https:\/\/www.facebook.com\/kitoki.daldeia\/?locale=pt_BR\" target=\"_blank\">Facebook<\/a><\/li>\r\n        <\/ul>\r\n    <\/div>\r\n\r\n\r\n<\/div><\/body>\r\n<\/html>\t\t\t\t<\/div>\n\t\t\t\t<\/div>\n\t\t\t\t<\/div>\n\t\t","protected":false},"excerpt":{"rendered":"<p>Mapa do Site | Pousada Kitoki D&#8217;Aldeia \ud83d\uddfa\ufe0f Mapa do Site | Pousada Kitoki D&#8217;Aldeia Um guia completo de todas as p\u00e1ginas do nosso site, facilitando sua navega\u00e7\u00e3o. P\u00e1ginas Principais P\u00e1gina Inicial A Pousada Kitoki D&#8217;Aldeia Su\u00edtes e Reservas O Que Fazer em Cara\u00edva Localiza\u00e7\u00e3o e Como Chegar Contato (WhatsApp) Informa\u00e7\u00f5es e Suporte Perguntas Frequentes [&hellip;]<\/p>\n","protected":false},"author":1,"featured_media":0,"parent":0,"menu_order":0,"comment_status":"closed","ping_status":"closed","template":"","meta":{"footnotes":""},"class_list":["post-625","page","type-page","status-publish","hentry"],"_links":{"self":[{"href":"https:\/\/kitoki.com.br\/daldeia\/wp-json\/wp\/v2\/pages\/625","targetHints":{"allow":["GET"]}}],"collection":[{"href":"https:\/\/kitoki.com.br\/daldeia\/wp-json\/wp\/v2\/pages"}],"about":[{"href":"https:\/\/kitoki.com.br\/daldeia\/wp-json\/wp\/v2\/types\/page"}],"author":[{"embeddable":true,"href":"https:\/\/kitoki.com.br\/daldeia\/wp-json\/wp\/v2\/users\/1"}],"replies":[{"embeddable":true,"href":"https:\/\/kitoki.com.br\/daldeia\/wp-json\/wp\/v2\/comments?post=625"}],"version-history":[{"count":4,"href":"https:\/\/kitoki.com.br\/daldeia\/wp-json\/wp\/v2\/pages\/625\/revisions"}],"predecessor-version":[{"id":630,"href":"https:\/\/kitoki.com.br\/daldeia\/wp-json\/wp\/v2\/pages\/625\/revisions\/630"}],"wp:attachment":[{"href":"https:\/\/kitoki.com.br\/daldeia\/wp-json\/wp\/v2\/media?parent=625"}],"curies":[{"name":"wp","href":"https:\/\/api.w.org\/{rel}","templated":true}]}}