{"id":697,"date":"2024-01-23T12:18:06","date_gmt":"2024-01-23T15:18:06","guid":{"rendered":"https:\/\/kitoki.com.br\/?post_type=product&#038;p=697"},"modified":"2024-01-23T23:16:58","modified_gmt":"2024-01-24T02:16:58","slug":"suite-azul-ceu","status":"publish","type":"product","link":"http:\/\/kitoki.com.br\/index.php\/produto\/suite-azul-ceu\/","title":{"rendered":"Suite Azul C\u00e9u \u2013 Tripla"},"content":{"rendered":"<p>Suite Azul C\u00e9u \u2013 Tripla<\/p>\n<p>Envolva-se na serenidade da Suite Azul C\u00e9u, um ref\u00fagio encantador na Pousada Kitoki D&#8217;Aldeia em Cara\u00edva. Esta su\u00edte celebra a harmonia do c\u00e9u azul, criando um ambiente tranquilo e relaxante para a sua estadia na deslumbrante vila de Cara\u00edva.<\/p>\n<p>A Suite Azul C\u00e9u \u00e9 um convite ao conforto e ao descanso, onde o design cuidadoso se une a toques contempor\u00e2neos. A decora\u00e7\u00e3o elegante reflete a beleza natural que circunda a pousada, proporcionando uma atmosfera acolhedora. A varanda privativa \u00e9 o local perfeito para apreciar a vista panor\u00e2mica, enquanto a brisa suave completa a experi\u00eancia de relaxamento.<\/p>\n<p>Localizada na Pousada Kitoki D&#8217;Aldeia, esta su\u00edte oferece acesso conveniente \u00e0s maravilhas de Cara\u00edva. De praias deslumbrantes a experi\u00eancias culturais aut\u00eanticas, voc\u00ea ter\u00e1 a oportunidade de explorar tudo o que esta encantadora vila tem a oferecer. A Suite Azul C\u00e9u \u00e9 mais do que uma acomoda\u00e7\u00e3o; \u00e9 um santu\u00e1rio de tranquilidade e beleza, criando mem\u00f3rias inesquec\u00edveis durante sua estadia em Cara\u00edva.<\/p>\n\n<table id=\"tablepress-1\" class=\"tablepress tablepress-id-1\">\n<thead>\n<tr class=\"row-1\">\n\t<th class=\"column-1\">Itens<\/th><td class=\"column-2\"><\/td>\n<\/tr>\n<\/thead>\n<tbody class=\"row-striping row-hover\">\n<tr class=\"row-2\">\n\t<td class=\"column-1\"><img loading=\"lazy\" decoding=\"async\" src=\"http:\/\/kitoki.com.br\/wp-content\/uploads\/2018\/12\/pousada_kitoki_daldeia_caraiva_bahia_brasil_ar_condicionado.png\" alt=\"\" width=\"50\" height=\"40\" class=\"alignnone size-full wp-image-134\" \/> Ar Condicionado<\/td><td class=\"column-2\"><img loading=\"lazy\" decoding=\"async\" src=\"http:\/\/kitoki.com.br\/wp-content\/uploads\/2018\/11\/marcador_v_30.png\" alt=\"\" width=\"30\" height=\"29\" class=\"alignnone size-full wp-image-110\" \/><\/td>\n<\/tr>\n<tr class=\"row-3\">\n\t<td class=\"column-1\"><img loading=\"lazy\" decoding=\"async\" src=\"http:\/\/kitoki.com.br\/wp-content\/uploads\/2018\/12\/pousada_kitoki_daldeia_caraiva_bahia_brasil_frigobar.png\" alt=\"\" width=\"50\" height=\"40\" class=\"alignnone size-full wp-image-136\" \/> Frigobar<\/td><td class=\"column-2\"><img loading=\"lazy\" decoding=\"async\" src=\"http:\/\/kitoki.com.br\/wp-content\/uploads\/2018\/11\/marcador_v_30.png\" alt=\"\" width=\"30\" height=\"29\" class=\"alignnone size-full wp-image-110\" \/><\/td>\n<\/tr>\n<tr class=\"row-4\">\n\t<td class=\"column-1\"><img loading=\"lazy\" decoding=\"async\" src=\"http:\/\/kitoki.com.br\/wp-content\/uploads\/2018\/12\/pousada_kitoki_daldeia_caraiva_bahia_brasil_ventilador_de_parede.png\" alt=\"\" width=\"50\" height=\"40\" class=\"alignnone size-full wp-image-139\" \/> Ventilador de parede<\/td><td class=\"column-2\"><img loading=\"lazy\" decoding=\"async\" src=\"http:\/\/kitoki.com.br\/wp-content\/uploads\/2018\/11\/marcador_v_30.png\" alt=\"\" width=\"30\" height=\"29\" class=\"alignnone size-full wp-image-110\" \/><\/td>\n<\/tr>\n<tr class=\"row-5\">\n\t<td class=\"column-1\"><img loading=\"lazy\" decoding=\"async\" src=\"http:\/\/kitoki.com.br\/wp-content\/uploads\/2018\/12\/pousada_kitoki_daldeia_caraiva_bahia_brasil_chuveiro_eletrico.png\" alt=\"\" width=\"50\" height=\"40\" class=\"alignnone size-full wp-image-135\" \/> Chuveiro El\u00e9trico<\/td><td class=\"column-2\"><img loading=\"lazy\" decoding=\"async\" src=\"http:\/\/kitoki.com.br\/wp-content\/uploads\/2018\/11\/marcador_v_30.png\" alt=\"\" width=\"30\" height=\"29\" class=\"alignnone size-full wp-image-110\" \/><\/td>\n<\/tr>\n<tr class=\"row-6\">\n\t<td class=\"column-1\"><img loading=\"lazy\" decoding=\"async\" src=\"http:\/\/kitoki.com.br\/wp-content\/uploads\/2018\/12\/pousada_kitoki_daldeia_caraiva_bahia_brasil_varanda_com_rede.png\" alt=\"\" width=\"50\" height=\"40\" class=\"alignnone size-full wp-image-138\" \/> Varanda individual com rede<\/td><td class=\"column-2\"><img loading=\"lazy\" decoding=\"async\" src=\"http:\/\/kitoki.com.br\/wp-content\/uploads\/2018\/11\/marcador_v_30.png\" alt=\"\" width=\"30\" height=\"29\" class=\"alignnone size-full wp-image-110\" \/><\/td>\n<\/tr>\n<\/tbody>\n<\/table>\n<!-- #tablepress-1 from cache -->\n","protected":false},"excerpt":{"rendered":"<p>Suite Azul C\u00e9u \u2013 Tripla Envolva-se na serenidade da Suite Azul C\u00e9u, um ref\u00fagio encantador na Pousada Kitoki D&#8217;Aldeia em Cara\u00edva. Esta su\u00edte celebra a harmonia do c\u00e9u azul, criando um ambiente tranquilo e relaxante para a sua estadia na deslumbrante vila de Cara\u00edva. A Suite Azul C\u00e9u \u00e9 um convite ao conforto e ao [&hellip;]<\/p>\n","protected":false},"featured_media":63,"template":"","meta":[],"product_brand":[],"product_cat":[17],"product_tag":[22,25,29,20,27,31,26,33,23,30,19,32,24,21,34,28,35],"class_list":{"0":"post-697","1":"product","2":"type-product","3":"status-publish","4":"has-post-thumbnail","6":"product_cat-suite-dupla","7":"product_tag-aconcheganteretiro","8":"product_tag-atmosferavibrante","9":"product_tag-belezasnaturais","10":"product_tag-caraiva","11":"product_tag-confortoelegante","12":"product_tag-culturalocal","13":"product_tag-decoracaosofisticada","14":"product_tag-descansoserenidade","15":"product_tag-estadiaexclusiva","16":"product_tag-experienciamemoravel","17":"product_tag-pousadakitokidaldeia","18":"product_tag-praiasdeslumbrantes","19":"product_tag-refugioencantador","20":"product_tag-suiteamarelocaju","21":"product_tag-turismocaraiva","22":"product_tag-varandaprivativa","23":"product_tag-viageminesquecivel","25":"first","26":"instock","27":"shipping-taxable","28":"purchasable","29":"product-type-simple","30":"czr-hentry"},"yoast_head":"<!-- This site is optimized with the Yoast SEO plugin v26.4 - https:\/\/yoast.com\/wordpress\/plugins\/seo\/ -->\n<title>Suite Azul C\u00e9u \u2013 Tripla - Kitoki d&#039;Aldeia<\/title>\n<meta name=\"description\" content=\"Suite Azul C\u00e9u \u2013 Tripla - Envolva-se na serenidade da Suite Azul C\u00e9u, um ref\u00fagio encantador na Pousada Kitoki D&#039;Aldeia em Cara\u00edva.\" \/>\n<meta name=\"robots\" content=\"index, follow, max-snippet:-1, max-image-preview:large, max-video-preview:-1\" \/>\n<link rel=\"canonical\" href=\"http:\/\/kitoki.com.br\/index.php\/produto\/suite-azul-ceu\/\" \/>\n<meta property=\"og:locale\" content=\"pt_BR\" \/>\n<meta property=\"og:type\" content=\"article\" \/>\n<meta property=\"og:title\" content=\"Suite Azul C\u00e9u \u2013 Tripla - Kitoki d&#039;Aldeia\" \/>\n<meta property=\"og:description\" content=\"Suite Azul C\u00e9u \u2013 Tripla - Envolva-se na serenidade da Suite Azul C\u00e9u, um ref\u00fagio encantador na Pousada Kitoki D&#039;Aldeia em Cara\u00edva.\" \/>\n<meta property=\"og:url\" content=\"http:\/\/kitoki.com.br\/index.php\/produto\/suite-azul-ceu\/\" \/>\n<meta property=\"og:site_name\" content=\"Kitoki d&#039;Aldeia\" \/>\n<meta property=\"article:publisher\" content=\"https:\/\/www.facebook.com\/kitoki.daldeia\/?locale=pt_BR\" \/>\n<meta property=\"article:modified_time\" content=\"2024-01-24T02:16:58+00:00\" \/>\n<meta property=\"og:image\" content=\"http:\/\/kitoki.com.br\/wp-content\/uploads\/2018\/11\/7_suite_azul_ceu_pousada_kitoki_daldeia_caraiva_bahia.jpeg\" \/>\n\t<meta property=\"og:image:width\" content=\"1280\" \/>\n\t<meta property=\"og:image:height\" content=\"848\" \/>\n\t<meta property=\"og:image:type\" content=\"image\/jpeg\" \/>\n<meta name=\"twitter:card\" content=\"summary_large_image\" \/>\n<meta name=\"twitter:label1\" content=\"Est. tempo de leitura\" \/>\n\t<meta name=\"twitter:data1\" content=\"2 minutos\" \/>\n<script type=\"application\/ld+json\" class=\"yoast-schema-graph\">{\"@context\":\"https:\/\/schema.org\",\"@graph\":[{\"@type\":\"WebPage\",\"@id\":\"http:\/\/kitoki.com.br\/index.php\/produto\/suite-azul-ceu\/\",\"url\":\"http:\/\/kitoki.com.br\/index.php\/produto\/suite-azul-ceu\/\",\"name\":\"Suite Azul C\u00e9u \u2013 Tripla - Kitoki d&#039;Aldeia\",\"isPartOf\":{\"@id\":\"http:\/\/kitoki.com.br\/#website\"},\"primaryImageOfPage\":{\"@id\":\"http:\/\/kitoki.com.br\/index.php\/produto\/suite-azul-ceu\/#primaryimage\"},\"image\":{\"@id\":\"http:\/\/kitoki.com.br\/index.php\/produto\/suite-azul-ceu\/#primaryimage\"},\"thumbnailUrl\":\"http:\/\/kitoki.com.br\/wp-content\/uploads\/2018\/11\/7_suite_azul_ceu_pousada_kitoki_daldeia_caraiva_bahia.jpeg\",\"datePublished\":\"2024-01-23T15:18:06+00:00\",\"dateModified\":\"2024-01-24T02:16:58+00:00\",\"description\":\"Suite Azul C\u00e9u \u2013 Tripla - Envolva-se na serenidade da Suite Azul C\u00e9u, um ref\u00fagio encantador na Pousada Kitoki D'Aldeia em Cara\u00edva.\",\"breadcrumb\":{\"@id\":\"http:\/\/kitoki.com.br\/index.php\/produto\/suite-azul-ceu\/#breadcrumb\"},\"inLanguage\":\"pt-BR\",\"potentialAction\":[{\"@type\":\"ReadAction\",\"target\":[\"http:\/\/kitoki.com.br\/index.php\/produto\/suite-azul-ceu\/\"]}]},{\"@type\":\"ImageObject\",\"inLanguage\":\"pt-BR\",\"@id\":\"http:\/\/kitoki.com.br\/index.php\/produto\/suite-azul-ceu\/#primaryimage\",\"url\":\"http:\/\/kitoki.com.br\/wp-content\/uploads\/2018\/11\/7_suite_azul_ceu_pousada_kitoki_daldeia_caraiva_bahia.jpeg\",\"contentUrl\":\"http:\/\/kitoki.com.br\/wp-content\/uploads\/2018\/11\/7_suite_azul_ceu_pousada_kitoki_daldeia_caraiva_bahia.jpeg\",\"width\":1280,\"height\":848,\"caption\":\"suite azul ceu\"},{\"@type\":\"BreadcrumbList\",\"@id\":\"http:\/\/kitoki.com.br\/index.php\/produto\/suite-azul-ceu\/#breadcrumb\",\"itemListElement\":[{\"@type\":\"ListItem\",\"position\":1,\"name\":\"In\u00edcio\",\"item\":\"http:\/\/kitoki.com.br\/\"},{\"@type\":\"ListItem\",\"position\":2,\"name\":\"Loja\",\"item\":\"https:\/\/kitoki.com.br\/index.php\/loja\/\"},{\"@type\":\"ListItem\",\"position\":3,\"name\":\"Suite Azul C\u00e9u \u2013 Tripla\"}]},{\"@type\":\"WebSite\",\"@id\":\"http:\/\/kitoki.com.br\/#website\",\"url\":\"http:\/\/kitoki.com.br\/\",\"name\":\"Kitoki d'Aldeia\",\"description\":\"Pousada Kitoki D&#039;aldeia - Cara\u00edva\",\"publisher\":{\"@id\":\"http:\/\/kitoki.com.br\/#organization\"},\"potentialAction\":[{\"@type\":\"SearchAction\",\"target\":{\"@type\":\"EntryPoint\",\"urlTemplate\":\"http:\/\/kitoki.com.br\/?s={search_term_string}\"},\"query-input\":{\"@type\":\"PropertyValueSpecification\",\"valueRequired\":true,\"valueName\":\"search_term_string\"}}],\"inLanguage\":\"pt-BR\"},{\"@type\":\"Organization\",\"@id\":\"http:\/\/kitoki.com.br\/#organization\",\"name\":\"Kitoki d'Aldeia\",\"url\":\"http:\/\/kitoki.com.br\/\",\"logo\":{\"@type\":\"ImageObject\",\"inLanguage\":\"pt-BR\",\"@id\":\"http:\/\/kitoki.com.br\/#\/schema\/logo\/image\/\",\"url\":\"http:\/\/kitoki.com.br\/wp-content\/uploads\/2018\/11\/cropped-kitoki_daldeia_logo_pousada_caraiva_bahia-e1697592764189.png\",\"contentUrl\":\"http:\/\/kitoki.com.br\/wp-content\/uploads\/2018\/11\/cropped-kitoki_daldeia_logo_pousada_caraiva_bahia-e1697592764189.png\",\"width\":250,\"height\":189,\"caption\":\"Kitoki d'Aldeia\"},\"image\":{\"@id\":\"http:\/\/kitoki.com.br\/#\/schema\/logo\/image\/\"},\"sameAs\":[\"https:\/\/www.facebook.com\/kitoki.daldeia\/?locale=pt_BR\"]}]}<\/script>\n<!-- \/ Yoast SEO plugin. -->","yoast_head_json":{"title":"Suite Azul C\u00e9u \u2013 Tripla - Kitoki d&#039;Aldeia","description":"Suite Azul C\u00e9u \u2013 Tripla - Envolva-se na serenidade da Suite Azul C\u00e9u, um ref\u00fagio encantador na Pousada Kitoki D'Aldeia em Cara\u00edva.","robots":{"index":"index","follow":"follow","max-snippet":"max-snippet:-1","max-image-preview":"max-image-preview:large","max-video-preview":"max-video-preview:-1"},"canonical":"http:\/\/kitoki.com.br\/index.php\/produto\/suite-azul-ceu\/","og_locale":"pt_BR","og_type":"article","og_title":"Suite Azul C\u00e9u \u2013 Tripla - Kitoki d&#039;Aldeia","og_description":"Suite Azul C\u00e9u \u2013 Tripla - Envolva-se na serenidade da Suite Azul C\u00e9u, um ref\u00fagio encantador na Pousada Kitoki D'Aldeia em Cara\u00edva.","og_url":"http:\/\/kitoki.com.br\/index.php\/produto\/suite-azul-ceu\/","og_site_name":"Kitoki d&#039;Aldeia","article_publisher":"https:\/\/www.facebook.com\/kitoki.daldeia\/?locale=pt_BR","article_modified_time":"2024-01-24T02:16:58+00:00","og_image":[{"width":1280,"height":848,"url":"http:\/\/kitoki.com.br\/wp-content\/uploads\/2018\/11\/7_suite_azul_ceu_pousada_kitoki_daldeia_caraiva_bahia.jpeg","type":"image\/jpeg"}],"twitter_card":"summary_large_image","twitter_misc":{"Est. tempo de leitura":"2 minutos"},"schema":{"@context":"https:\/\/schema.org","@graph":[{"@type":"WebPage","@id":"http:\/\/kitoki.com.br\/index.php\/produto\/suite-azul-ceu\/","url":"http:\/\/kitoki.com.br\/index.php\/produto\/suite-azul-ceu\/","name":"Suite Azul C\u00e9u \u2013 Tripla - Kitoki d&#039;Aldeia","isPartOf":{"@id":"http:\/\/kitoki.com.br\/#website"},"primaryImageOfPage":{"@id":"http:\/\/kitoki.com.br\/index.php\/produto\/suite-azul-ceu\/#primaryimage"},"image":{"@id":"http:\/\/kitoki.com.br\/index.php\/produto\/suite-azul-ceu\/#primaryimage"},"thumbnailUrl":"http:\/\/kitoki.com.br\/wp-content\/uploads\/2018\/11\/7_suite_azul_ceu_pousada_kitoki_daldeia_caraiva_bahia.jpeg","datePublished":"2024-01-23T15:18:06+00:00","dateModified":"2024-01-24T02:16:58+00:00","description":"Suite Azul C\u00e9u \u2013 Tripla - Envolva-se na serenidade da Suite Azul C\u00e9u, um ref\u00fagio encantador na Pousada Kitoki D'Aldeia em Cara\u00edva.","breadcrumb":{"@id":"http:\/\/kitoki.com.br\/index.php\/produto\/suite-azul-ceu\/#breadcrumb"},"inLanguage":"pt-BR","potentialAction":[{"@type":"ReadAction","target":["http:\/\/kitoki.com.br\/index.php\/produto\/suite-azul-ceu\/"]}]},{"@type":"ImageObject","inLanguage":"pt-BR","@id":"http:\/\/kitoki.com.br\/index.php\/produto\/suite-azul-ceu\/#primaryimage","url":"http:\/\/kitoki.com.br\/wp-content\/uploads\/2018\/11\/7_suite_azul_ceu_pousada_kitoki_daldeia_caraiva_bahia.jpeg","contentUrl":"http:\/\/kitoki.com.br\/wp-content\/uploads\/2018\/11\/7_suite_azul_ceu_pousada_kitoki_daldeia_caraiva_bahia.jpeg","width":1280,"height":848,"caption":"suite azul ceu"},{"@type":"BreadcrumbList","@id":"http:\/\/kitoki.com.br\/index.php\/produto\/suite-azul-ceu\/#breadcrumb","itemListElement":[{"@type":"ListItem","position":1,"name":"In\u00edcio","item":"http:\/\/kitoki.com.br\/"},{"@type":"ListItem","position":2,"name":"Loja","item":"https:\/\/kitoki.com.br\/index.php\/loja\/"},{"@type":"ListItem","position":3,"name":"Suite Azul C\u00e9u \u2013 Tripla"}]},{"@type":"WebSite","@id":"http:\/\/kitoki.com.br\/#website","url":"http:\/\/kitoki.com.br\/","name":"Kitoki d'Aldeia","description":"Pousada Kitoki D&#039;aldeia - Cara\u00edva","publisher":{"@id":"http:\/\/kitoki.com.br\/#organization"},"potentialAction":[{"@type":"SearchAction","target":{"@type":"EntryPoint","urlTemplate":"http:\/\/kitoki.com.br\/?s={search_term_string}"},"query-input":{"@type":"PropertyValueSpecification","valueRequired":true,"valueName":"search_term_string"}}],"inLanguage":"pt-BR"},{"@type":"Organization","@id":"http:\/\/kitoki.com.br\/#organization","name":"Kitoki d'Aldeia","url":"http:\/\/kitoki.com.br\/","logo":{"@type":"ImageObject","inLanguage":"pt-BR","@id":"http:\/\/kitoki.com.br\/#\/schema\/logo\/image\/","url":"http:\/\/kitoki.com.br\/wp-content\/uploads\/2018\/11\/cropped-kitoki_daldeia_logo_pousada_caraiva_bahia-e1697592764189.png","contentUrl":"http:\/\/kitoki.com.br\/wp-content\/uploads\/2018\/11\/cropped-kitoki_daldeia_logo_pousada_caraiva_bahia-e1697592764189.png","width":250,"height":189,"caption":"Kitoki d'Aldeia"},"image":{"@id":"http:\/\/kitoki.com.br\/#\/schema\/logo\/image\/"},"sameAs":["https:\/\/www.facebook.com\/kitoki.daldeia\/?locale=pt_BR"]}]}},"_links":{"self":[{"href":"http:\/\/kitoki.com.br\/index.php\/wp-json\/wp\/v2\/product\/697","targetHints":{"allow":["GET"]}}],"collection":[{"href":"http:\/\/kitoki.com.br\/index.php\/wp-json\/wp\/v2\/product"}],"about":[{"href":"http:\/\/kitoki.com.br\/index.php\/wp-json\/wp\/v2\/types\/product"}],"wp:featuredmedia":[{"embeddable":true,"href":"http:\/\/kitoki.com.br\/index.php\/wp-json\/wp\/v2\/media\/63"}],"wp:attachment":[{"href":"http:\/\/kitoki.com.br\/index.php\/wp-json\/wp\/v2\/media?parent=697"}],"wp:term":[{"taxonomy":"product_brand","embeddable":true,"href":"http:\/\/kitoki.com.br\/index.php\/wp-json\/wp\/v2\/product_brand?post=697"},{"taxonomy":"product_cat","embeddable":true,"href":"http:\/\/kitoki.com.br\/index.php\/wp-json\/wp\/v2\/product_cat?post=697"},{"taxonomy":"product_tag","embeddable":true,"href":"http:\/\/kitoki.com.br\/index.php\/wp-json\/wp\/v2\/product_tag?post=697"}],"curies":[{"name":"wp","href":"https:\/\/api.w.org\/{rel}","templated":true}]}}