{"id":653,"date":"2024-01-18T19:47:31","date_gmt":"2024-01-18T22:47:31","guid":{"rendered":"https:\/\/kitoki.com.br\/?post_type=product&#038;p=653"},"modified":"2024-01-23T23:14:55","modified_gmt":"2024-01-24T02:14:55","slug":"suite-amarelo-aju-dupla","status":"publish","type":"product","link":"http:\/\/kitoki.com.br\/index.php\/produto\/suite-amarelo-aju-dupla\/","title":{"rendered":"Suite Amarelo Caju \u2013 Dupla"},"content":{"rendered":"<p>Suite A\u00e7a\u00ed \u2013 Dupla<\/p>\n<p>&#8220;Desfrute de uma estadia \u00fanica na Suite Amarelo Caju, uma aconchegante dupla na Pousada Kitoki D&#8217;Aldeia em Cara\u00edva. Este ref\u00fagio encantador oferece uma atmosfera vibrante e acolhedora, onde o amarelo caju se destaca, trazendo calor e energia ao seu retiro. Com design cuidadosamente pensado, a su\u00edte combina o charme r\u00fastico com toques modernos, proporcionando um ambiente relaxante e sofisticado.<\/p>\n<p>A Suite Amarelo Caju oferece comodidades cuidadosamente selecionadas para garantir o seu conforto, incluindo uma cama espa\u00e7osa, decora\u00e7\u00e3o elegante e uma atmosfera que convida ao descanso. A varanda privativa permite que voc\u00ea aprecie a brisa suave e absorva a serenidade do entorno.<\/p>\n<p>Situada na Pousada Kitoki D&#8217;Aldeia, voc\u00ea ter\u00e1 f\u00e1cil acesso \u00e0s belezas naturais e \u00e0 atmosfera encantadora de Cara\u00edva. Explore praias deslumbrantes, saboreie a culin\u00e1ria local e mergulhe na cultura \u00fanica desta vila hist\u00f3rica. A Suite Amarelo Caju na Pousada Kitoki D&#8217;Aldeia \u00e9 a escolha perfeita para uma experi\u00eancia memor\u00e1vel e revigorante em meio \u00e0 beleza natural de Cara\u00edva.&#8221;<\/p>\n\n<table id=\"tablepress-1\" class=\"tablepress tablepress-id-1\">\n<thead>\n<tr class=\"row-1\">\n\t<th class=\"column-1\">Itens<\/th><td class=\"column-2\"><\/td>\n<\/tr>\n<\/thead>\n<tbody class=\"row-striping row-hover\">\n<tr class=\"row-2\">\n\t<td class=\"column-1\"><img loading=\"lazy\" decoding=\"async\" src=\"http:\/\/kitoki.com.br\/wp-content\/uploads\/2018\/12\/pousada_kitoki_daldeia_caraiva_bahia_brasil_ar_condicionado.png\" alt=\"\" width=\"50\" height=\"40\" class=\"alignnone size-full wp-image-134\" \/> Ar Condicionado<\/td><td class=\"column-2\"><img loading=\"lazy\" decoding=\"async\" src=\"http:\/\/kitoki.com.br\/wp-content\/uploads\/2018\/11\/marcador_v_30.png\" alt=\"\" width=\"30\" height=\"29\" class=\"alignnone size-full wp-image-110\" \/><\/td>\n<\/tr>\n<tr class=\"row-3\">\n\t<td class=\"column-1\"><img loading=\"lazy\" decoding=\"async\" src=\"http:\/\/kitoki.com.br\/wp-content\/uploads\/2018\/12\/pousada_kitoki_daldeia_caraiva_bahia_brasil_frigobar.png\" alt=\"\" width=\"50\" height=\"40\" class=\"alignnone size-full wp-image-136\" \/> Frigobar<\/td><td class=\"column-2\"><img loading=\"lazy\" decoding=\"async\" src=\"http:\/\/kitoki.com.br\/wp-content\/uploads\/2018\/11\/marcador_v_30.png\" alt=\"\" width=\"30\" height=\"29\" class=\"alignnone size-full wp-image-110\" \/><\/td>\n<\/tr>\n<tr class=\"row-4\">\n\t<td class=\"column-1\"><img loading=\"lazy\" decoding=\"async\" src=\"http:\/\/kitoki.com.br\/wp-content\/uploads\/2018\/12\/pousada_kitoki_daldeia_caraiva_bahia_brasil_ventilador_de_parede.png\" alt=\"\" width=\"50\" height=\"40\" class=\"alignnone size-full wp-image-139\" \/> Ventilador de parede<\/td><td class=\"column-2\"><img loading=\"lazy\" decoding=\"async\" src=\"http:\/\/kitoki.com.br\/wp-content\/uploads\/2018\/11\/marcador_v_30.png\" alt=\"\" width=\"30\" height=\"29\" class=\"alignnone size-full wp-image-110\" \/><\/td>\n<\/tr>\n<tr class=\"row-5\">\n\t<td class=\"column-1\"><img loading=\"lazy\" decoding=\"async\" src=\"http:\/\/kitoki.com.br\/wp-content\/uploads\/2018\/12\/pousada_kitoki_daldeia_caraiva_bahia_brasil_chuveiro_eletrico.png\" alt=\"\" width=\"50\" height=\"40\" class=\"alignnone size-full wp-image-135\" \/> Chuveiro El\u00e9trico<\/td><td class=\"column-2\"><img loading=\"lazy\" decoding=\"async\" src=\"http:\/\/kitoki.com.br\/wp-content\/uploads\/2018\/11\/marcador_v_30.png\" alt=\"\" width=\"30\" height=\"29\" class=\"alignnone size-full wp-image-110\" \/><\/td>\n<\/tr>\n<tr class=\"row-6\">\n\t<td class=\"column-1\"><img loading=\"lazy\" decoding=\"async\" src=\"http:\/\/kitoki.com.br\/wp-content\/uploads\/2018\/12\/pousada_kitoki_daldeia_caraiva_bahia_brasil_varanda_com_rede.png\" alt=\"\" width=\"50\" height=\"40\" class=\"alignnone size-full wp-image-138\" \/> Varanda individual com rede<\/td><td class=\"column-2\"><img loading=\"lazy\" decoding=\"async\" src=\"http:\/\/kitoki.com.br\/wp-content\/uploads\/2018\/11\/marcador_v_30.png\" alt=\"\" width=\"30\" height=\"29\" class=\"alignnone size-full wp-image-110\" \/><\/td>\n<\/tr>\n<\/tbody>\n<\/table>\n<!-- #tablepress-1 from cache -->\n","protected":false},"excerpt":{"rendered":"<p>Suite A\u00e7a\u00ed \u2013 Dupla &#8220;Desfrute de uma estadia \u00fanica na Suite Amarelo Caju, uma aconchegante dupla na Pousada Kitoki D&#8217;Aldeia em Cara\u00edva. Este ref\u00fagio encantador oferece uma atmosfera vibrante e acolhedora, onde o amarelo caju se destaca, trazendo calor e energia ao seu retiro. Com design cuidadosamente pensado, a su\u00edte combina o charme r\u00fastico com [&hellip;]<\/p>\n","protected":false},"featured_media":49,"template":"","meta":[],"product_brand":[],"product_cat":[17],"product_tag":[22,25,29,20,27,31,26,33,23,30,19,32,24,21,34,28,35],"class_list":{"0":"post-653","1":"product","2":"type-product","3":"status-publish","4":"has-post-thumbnail","6":"product_cat-suite-dupla","7":"product_tag-aconcheganteretiro","8":"product_tag-atmosferavibrante","9":"product_tag-belezasnaturais","10":"product_tag-caraiva","11":"product_tag-confortoelegante","12":"product_tag-culturalocal","13":"product_tag-decoracaosofisticada","14":"product_tag-descansoserenidade","15":"product_tag-estadiaexclusiva","16":"product_tag-experienciamemoravel","17":"product_tag-pousadakitokidaldeia","18":"product_tag-praiasdeslumbrantes","19":"product_tag-refugioencantador","20":"product_tag-suiteamarelocaju","21":"product_tag-turismocaraiva","22":"product_tag-varandaprivativa","23":"product_tag-viageminesquecivel","25":"first","26":"instock","27":"shipping-taxable","28":"purchasable","29":"product-type-simple","30":"czr-hentry"},"yoast_head":"<!-- This site is optimized with the Yoast SEO plugin v26.4 - https:\/\/yoast.com\/wordpress\/plugins\/seo\/ -->\n<title>Suite Amarelo Caju \u2013 Dupla - Kitoki d&#039;Aldeia<\/title>\n<meta name=\"description\" content=\"Suite Amarelo Caju \u2013 Dupla - Desfrute de uma estadia \u00fanica na Suite Amarelo Caju, uma aconchegante dupla na Pousada Kitoki D&#039;Aldeia em Cara\u00edva.\" \/>\n<meta name=\"robots\" content=\"index, follow, max-snippet:-1, max-image-preview:large, max-video-preview:-1\" \/>\n<link rel=\"canonical\" href=\"http:\/\/kitoki.com.br\/index.php\/produto\/suite-amarelo-aju-dupla\/\" \/>\n<meta property=\"og:locale\" content=\"pt_BR\" \/>\n<meta property=\"og:type\" content=\"article\" \/>\n<meta property=\"og:title\" content=\"Suite Amarelo Caju \u2013 Dupla - Kitoki d&#039;Aldeia\" \/>\n<meta property=\"og:description\" content=\"Suite Amarelo Caju \u2013 Dupla - Desfrute de uma estadia \u00fanica na Suite Amarelo Caju, uma aconchegante dupla na Pousada Kitoki D&#039;Aldeia em Cara\u00edva.\" \/>\n<meta property=\"og:url\" content=\"http:\/\/kitoki.com.br\/index.php\/produto\/suite-amarelo-aju-dupla\/\" \/>\n<meta property=\"og:site_name\" content=\"Kitoki d&#039;Aldeia\" \/>\n<meta property=\"article:publisher\" content=\"https:\/\/www.facebook.com\/kitoki.daldeia\/?locale=pt_BR\" \/>\n<meta property=\"article:modified_time\" content=\"2024-01-24T02:14:55+00:00\" \/>\n<meta property=\"og:image\" content=\"http:\/\/kitoki.com.br\/wp-content\/uploads\/2018\/11\/2_suite_amarelo_caju_pousada_kitoki_daldeia_caraiva_bahia.jpeg\" \/>\n\t<meta property=\"og:image:width\" content=\"1280\" \/>\n\t<meta property=\"og:image:height\" content=\"850\" \/>\n\t<meta property=\"og:image:type\" content=\"image\/jpeg\" \/>\n<meta name=\"twitter:card\" content=\"summary_large_image\" \/>\n<meta name=\"twitter:label1\" content=\"Est. tempo de leitura\" \/>\n\t<meta name=\"twitter:data1\" content=\"2 minutos\" \/>\n<script type=\"application\/ld+json\" class=\"yoast-schema-graph\">{\"@context\":\"https:\/\/schema.org\",\"@graph\":[{\"@type\":\"WebPage\",\"@id\":\"http:\/\/kitoki.com.br\/index.php\/produto\/suite-amarelo-aju-dupla\/\",\"url\":\"http:\/\/kitoki.com.br\/index.php\/produto\/suite-amarelo-aju-dupla\/\",\"name\":\"Suite Amarelo Caju \u2013 Dupla - Kitoki d&#039;Aldeia\",\"isPartOf\":{\"@id\":\"http:\/\/kitoki.com.br\/#website\"},\"primaryImageOfPage\":{\"@id\":\"http:\/\/kitoki.com.br\/index.php\/produto\/suite-amarelo-aju-dupla\/#primaryimage\"},\"image\":{\"@id\":\"http:\/\/kitoki.com.br\/index.php\/produto\/suite-amarelo-aju-dupla\/#primaryimage\"},\"thumbnailUrl\":\"http:\/\/kitoki.com.br\/wp-content\/uploads\/2018\/11\/2_suite_amarelo_caju_pousada_kitoki_daldeia_caraiva_bahia.jpeg\",\"datePublished\":\"2024-01-18T22:47:31+00:00\",\"dateModified\":\"2024-01-24T02:14:55+00:00\",\"description\":\"Suite Amarelo Caju \u2013 Dupla - Desfrute de uma estadia \u00fanica na Suite Amarelo Caju, uma aconchegante dupla na Pousada Kitoki D'Aldeia em Cara\u00edva.\",\"breadcrumb\":{\"@id\":\"http:\/\/kitoki.com.br\/index.php\/produto\/suite-amarelo-aju-dupla\/#breadcrumb\"},\"inLanguage\":\"pt-BR\",\"potentialAction\":[{\"@type\":\"ReadAction\",\"target\":[\"http:\/\/kitoki.com.br\/index.php\/produto\/suite-amarelo-aju-dupla\/\"]}]},{\"@type\":\"ImageObject\",\"inLanguage\":\"pt-BR\",\"@id\":\"http:\/\/kitoki.com.br\/index.php\/produto\/suite-amarelo-aju-dupla\/#primaryimage\",\"url\":\"http:\/\/kitoki.com.br\/wp-content\/uploads\/2018\/11\/2_suite_amarelo_caju_pousada_kitoki_daldeia_caraiva_bahia.jpeg\",\"contentUrl\":\"http:\/\/kitoki.com.br\/wp-content\/uploads\/2018\/11\/2_suite_amarelo_caju_pousada_kitoki_daldeia_caraiva_bahia.jpeg\",\"width\":1280,\"height\":850,\"caption\":\"suite amarelo caju\"},{\"@type\":\"BreadcrumbList\",\"@id\":\"http:\/\/kitoki.com.br\/index.php\/produto\/suite-amarelo-aju-dupla\/#breadcrumb\",\"itemListElement\":[{\"@type\":\"ListItem\",\"position\":1,\"name\":\"In\u00edcio\",\"item\":\"http:\/\/kitoki.com.br\/\"},{\"@type\":\"ListItem\",\"position\":2,\"name\":\"Loja\",\"item\":\"https:\/\/kitoki.com.br\/index.php\/loja\/\"},{\"@type\":\"ListItem\",\"position\":3,\"name\":\"Suite Amarelo Caju \u2013 Dupla\"}]},{\"@type\":\"WebSite\",\"@id\":\"http:\/\/kitoki.com.br\/#website\",\"url\":\"http:\/\/kitoki.com.br\/\",\"name\":\"Kitoki d'Aldeia\",\"description\":\"Pousada Kitoki D&#039;aldeia - Cara\u00edva\",\"publisher\":{\"@id\":\"http:\/\/kitoki.com.br\/#organization\"},\"potentialAction\":[{\"@type\":\"SearchAction\",\"target\":{\"@type\":\"EntryPoint\",\"urlTemplate\":\"http:\/\/kitoki.com.br\/?s={search_term_string}\"},\"query-input\":{\"@type\":\"PropertyValueSpecification\",\"valueRequired\":true,\"valueName\":\"search_term_string\"}}],\"inLanguage\":\"pt-BR\"},{\"@type\":\"Organization\",\"@id\":\"http:\/\/kitoki.com.br\/#organization\",\"name\":\"Kitoki d'Aldeia\",\"url\":\"http:\/\/kitoki.com.br\/\",\"logo\":{\"@type\":\"ImageObject\",\"inLanguage\":\"pt-BR\",\"@id\":\"http:\/\/kitoki.com.br\/#\/schema\/logo\/image\/\",\"url\":\"http:\/\/kitoki.com.br\/wp-content\/uploads\/2018\/11\/cropped-kitoki_daldeia_logo_pousada_caraiva_bahia-e1697592764189.png\",\"contentUrl\":\"http:\/\/kitoki.com.br\/wp-content\/uploads\/2018\/11\/cropped-kitoki_daldeia_logo_pousada_caraiva_bahia-e1697592764189.png\",\"width\":250,\"height\":189,\"caption\":\"Kitoki d'Aldeia\"},\"image\":{\"@id\":\"http:\/\/kitoki.com.br\/#\/schema\/logo\/image\/\"},\"sameAs\":[\"https:\/\/www.facebook.com\/kitoki.daldeia\/?locale=pt_BR\"]}]}<\/script>\n<!-- \/ Yoast SEO plugin. -->","yoast_head_json":{"title":"Suite Amarelo Caju \u2013 Dupla - Kitoki d&#039;Aldeia","description":"Suite Amarelo Caju \u2013 Dupla - Desfrute de uma estadia \u00fanica na Suite Amarelo Caju, uma aconchegante dupla na Pousada Kitoki D'Aldeia em Cara\u00edva.","robots":{"index":"index","follow":"follow","max-snippet":"max-snippet:-1","max-image-preview":"max-image-preview:large","max-video-preview":"max-video-preview:-1"},"canonical":"http:\/\/kitoki.com.br\/index.php\/produto\/suite-amarelo-aju-dupla\/","og_locale":"pt_BR","og_type":"article","og_title":"Suite Amarelo Caju \u2013 Dupla - Kitoki d&#039;Aldeia","og_description":"Suite Amarelo Caju \u2013 Dupla - Desfrute de uma estadia \u00fanica na Suite Amarelo Caju, uma aconchegante dupla na Pousada Kitoki D'Aldeia em Cara\u00edva.","og_url":"http:\/\/kitoki.com.br\/index.php\/produto\/suite-amarelo-aju-dupla\/","og_site_name":"Kitoki d&#039;Aldeia","article_publisher":"https:\/\/www.facebook.com\/kitoki.daldeia\/?locale=pt_BR","article_modified_time":"2024-01-24T02:14:55+00:00","og_image":[{"width":1280,"height":850,"url":"http:\/\/kitoki.com.br\/wp-content\/uploads\/2018\/11\/2_suite_amarelo_caju_pousada_kitoki_daldeia_caraiva_bahia.jpeg","type":"image\/jpeg"}],"twitter_card":"summary_large_image","twitter_misc":{"Est. tempo de leitura":"2 minutos"},"schema":{"@context":"https:\/\/schema.org","@graph":[{"@type":"WebPage","@id":"http:\/\/kitoki.com.br\/index.php\/produto\/suite-amarelo-aju-dupla\/","url":"http:\/\/kitoki.com.br\/index.php\/produto\/suite-amarelo-aju-dupla\/","name":"Suite Amarelo Caju \u2013 Dupla - Kitoki d&#039;Aldeia","isPartOf":{"@id":"http:\/\/kitoki.com.br\/#website"},"primaryImageOfPage":{"@id":"http:\/\/kitoki.com.br\/index.php\/produto\/suite-amarelo-aju-dupla\/#primaryimage"},"image":{"@id":"http:\/\/kitoki.com.br\/index.php\/produto\/suite-amarelo-aju-dupla\/#primaryimage"},"thumbnailUrl":"http:\/\/kitoki.com.br\/wp-content\/uploads\/2018\/11\/2_suite_amarelo_caju_pousada_kitoki_daldeia_caraiva_bahia.jpeg","datePublished":"2024-01-18T22:47:31+00:00","dateModified":"2024-01-24T02:14:55+00:00","description":"Suite Amarelo Caju \u2013 Dupla - Desfrute de uma estadia \u00fanica na Suite Amarelo Caju, uma aconchegante dupla na Pousada Kitoki D'Aldeia em Cara\u00edva.","breadcrumb":{"@id":"http:\/\/kitoki.com.br\/index.php\/produto\/suite-amarelo-aju-dupla\/#breadcrumb"},"inLanguage":"pt-BR","potentialAction":[{"@type":"ReadAction","target":["http:\/\/kitoki.com.br\/index.php\/produto\/suite-amarelo-aju-dupla\/"]}]},{"@type":"ImageObject","inLanguage":"pt-BR","@id":"http:\/\/kitoki.com.br\/index.php\/produto\/suite-amarelo-aju-dupla\/#primaryimage","url":"http:\/\/kitoki.com.br\/wp-content\/uploads\/2018\/11\/2_suite_amarelo_caju_pousada_kitoki_daldeia_caraiva_bahia.jpeg","contentUrl":"http:\/\/kitoki.com.br\/wp-content\/uploads\/2018\/11\/2_suite_amarelo_caju_pousada_kitoki_daldeia_caraiva_bahia.jpeg","width":1280,"height":850,"caption":"suite amarelo caju"},{"@type":"BreadcrumbList","@id":"http:\/\/kitoki.com.br\/index.php\/produto\/suite-amarelo-aju-dupla\/#breadcrumb","itemListElement":[{"@type":"ListItem","position":1,"name":"In\u00edcio","item":"http:\/\/kitoki.com.br\/"},{"@type":"ListItem","position":2,"name":"Loja","item":"https:\/\/kitoki.com.br\/index.php\/loja\/"},{"@type":"ListItem","position":3,"name":"Suite Amarelo Caju \u2013 Dupla"}]},{"@type":"WebSite","@id":"http:\/\/kitoki.com.br\/#website","url":"http:\/\/kitoki.com.br\/","name":"Kitoki d'Aldeia","description":"Pousada Kitoki D&#039;aldeia - Cara\u00edva","publisher":{"@id":"http:\/\/kitoki.com.br\/#organization"},"potentialAction":[{"@type":"SearchAction","target":{"@type":"EntryPoint","urlTemplate":"http:\/\/kitoki.com.br\/?s={search_term_string}"},"query-input":{"@type":"PropertyValueSpecification","valueRequired":true,"valueName":"search_term_string"}}],"inLanguage":"pt-BR"},{"@type":"Organization","@id":"http:\/\/kitoki.com.br\/#organization","name":"Kitoki d'Aldeia","url":"http:\/\/kitoki.com.br\/","logo":{"@type":"ImageObject","inLanguage":"pt-BR","@id":"http:\/\/kitoki.com.br\/#\/schema\/logo\/image\/","url":"http:\/\/kitoki.com.br\/wp-content\/uploads\/2018\/11\/cropped-kitoki_daldeia_logo_pousada_caraiva_bahia-e1697592764189.png","contentUrl":"http:\/\/kitoki.com.br\/wp-content\/uploads\/2018\/11\/cropped-kitoki_daldeia_logo_pousada_caraiva_bahia-e1697592764189.png","width":250,"height":189,"caption":"Kitoki d'Aldeia"},"image":{"@id":"http:\/\/kitoki.com.br\/#\/schema\/logo\/image\/"},"sameAs":["https:\/\/www.facebook.com\/kitoki.daldeia\/?locale=pt_BR"]}]}},"_links":{"self":[{"href":"http:\/\/kitoki.com.br\/index.php\/wp-json\/wp\/v2\/product\/653","targetHints":{"allow":["GET"]}}],"collection":[{"href":"http:\/\/kitoki.com.br\/index.php\/wp-json\/wp\/v2\/product"}],"about":[{"href":"http:\/\/kitoki.com.br\/index.php\/wp-json\/wp\/v2\/types\/product"}],"wp:featuredmedia":[{"embeddable":true,"href":"http:\/\/kitoki.com.br\/index.php\/wp-json\/wp\/v2\/media\/49"}],"wp:attachment":[{"href":"http:\/\/kitoki.com.br\/index.php\/wp-json\/wp\/v2\/media?parent=653"}],"wp:term":[{"taxonomy":"product_brand","embeddable":true,"href":"http:\/\/kitoki.com.br\/index.php\/wp-json\/wp\/v2\/product_brand?post=653"},{"taxonomy":"product_cat","embeddable":true,"href":"http:\/\/kitoki.com.br\/index.php\/wp-json\/wp\/v2\/product_cat?post=653"},{"taxonomy":"product_tag","embeddable":true,"href":"http:\/\/kitoki.com.br\/index.php\/wp-json\/wp\/v2\/product_tag?post=653"}],"curies":[{"name":"wp","href":"https:\/\/api.w.org\/{rel}","templated":true}]}}